{"id":121,"date":"2014-03-24T21:14:59","date_gmt":"2014-03-24T20:14:59","guid":{"rendered":"http:\/\/www.solarmobil.jakob-fugger-gymnasium.de\/?page_id=121"},"modified":"2021-08-01T11:46:19","modified_gmt":"2021-08-01T10:46:19","slug":"partner-sponsoren","status":"publish","type":"page","link":"https:\/\/www.solarmobil.jakob-fugger-gymnasium.de\/?page_id=121","title":{"rendered":"Sponsoren &#038; Partner"},"content":{"rendered":"<p>In diesem Jahr wird SolarMobil Bayern erstmalig von der Stadt Augsburg veranstaltet.<\/p>\n<p><a href=\"https:\/\/www.augsburg.de\/bildung-wirtschaft\/bildung\" target=\"_blank\" rel=\"noopener\"><img loading=\"lazy\" class=\"aligncenter wp-image-1493\" src=\"https:\/\/www.solarmobil.jakob-fugger-gymnasium.de\/wp-content\/uploads\/2021\/06\/logo_stadt_Augsburg-1-e1624618382455-300x109.png\" alt=\"\" width=\"391\" height=\"142\" srcset=\"https:\/\/www.solarmobil.jakob-fugger-gymnasium.de\/wp-content\/uploads\/2021\/06\/logo_stadt_Augsburg-1-e1624618382455-300x109.png 300w, https:\/\/www.solarmobil.jakob-fugger-gymnasium.de\/wp-content\/uploads\/2021\/06\/logo_stadt_Augsburg-1-e1624618382455-100x36.png 100w, https:\/\/www.solarmobil.jakob-fugger-gymnasium.de\/wp-content\/uploads\/2021\/06\/logo_stadt_Augsburg-1-e1624618382455-150x54.png 150w, https:\/\/www.solarmobil.jakob-fugger-gymnasium.de\/wp-content\/uploads\/2021\/06\/logo_stadt_Augsburg-1-e1624618382455-200x73.png 200w, https:\/\/www.solarmobil.jakob-fugger-gymnasium.de\/wp-content\/uploads\/2021\/06\/logo_stadt_Augsburg-1-e1624618382455-450x163.png 450w, https:\/\/www.solarmobil.jakob-fugger-gymnasium.de\/wp-content\/uploads\/2021\/06\/logo_stadt_Augsburg-1-e1624618382455.png 512w\" sizes=\"(max-width: 391px) 100vw, 391px\" \/><\/a><\/p>\n<p>Da das Organisationsteam, das aus Mitgliedern der Hochschule und dem Jakob-Fugger-Gymnasium besteht nur ein begrenztes Budget f\u00fcr Sch\u00fclerwettbewerbe zur Verf\u00fcgung haben, sind wir auf die Unterst\u00fctzung externer Partner angewiesen. Wenn Sie dieses Projekt auch unterst\u00fctzen m\u00f6chten, wenden sie sich bitte \u00fcber die Kontakt-Seite an uns.<\/p>\n<p>Ein Dankesch\u00f6n f\u00fcr die gro\u00dfz\u00fcgige Unterst\u00fctzung geht an folgende Firmen\/Institutionen:<\/p>\n<p><a href=\"http:\/\/www.vdi.de\/ueber-uns\/vdi-vor-ort\/bezirksvereine\/augsburger-bezirksverein\/augsburger-bezirksverein\/\" target=\"_blank\" rel=\"noopener noreferrer\"><img loading=\"lazy\" class=\"aligncenter\" src=\"https:\/\/www.solarmobil.jakob-fugger-gymnasium.de\/wp-content\/uploads\/2014\/03\/vdi_wp_slide.png\" alt=\"vdi_wp_slide\" width=\"250\" height=\"170\"><\/a><\/p>\n<h4 style=\"text-align: center;\"><a href=\"https:\/\/www.vde-suedbayern.de\/de\/ueber-uns\/zweigstellen\/zweigstelle-augsburg\"><img loading=\"lazy\" class=\"aligncenter wp-image-1310 size-full\" src=\"https:\/\/www.solarmobil.jakob-fugger-gymnasium.de\/wp-content\/uploads\/2019\/05\/vde_suedbayern_1.png\" alt=\"\" width=\"250\" height=\"170\" srcset=\"https:\/\/www.solarmobil.jakob-fugger-gymnasium.de\/wp-content\/uploads\/2019\/05\/vde_suedbayern_1.png 250w, https:\/\/www.solarmobil.jakob-fugger-gymnasium.de\/wp-content\/uploads\/2019\/05\/vde_suedbayern_1-100x68.png 100w, https:\/\/www.solarmobil.jakob-fugger-gymnasium.de\/wp-content\/uploads\/2019\/05\/vde_suedbayern_1-150x102.png 150w, https:\/\/www.solarmobil.jakob-fugger-gymnasium.de\/wp-content\/uploads\/2019\/05\/vde_suedbayern_1-200x136.png 200w\" sizes=\"(max-width: 250px) 100vw, 250px\" \/><\/a>Zweigstelle Augsburg<\/h4>\n<p>&nbsp;<\/p>\n<p style=\"text-align: center;\"><a href=\"https:\/\/www.solarmobil.jakob-fugger-gymnasium.de\/wp-content\/uploads\/2014\/05\/siemens_logo_kl-e1553857619618.png\"><img loading=\"lazy\" class=\"wp-image-313 size-full aligncenter\" src=\"https:\/\/www.solarmobil.jakob-fugger-gymnasium.de\/wp-content\/uploads\/2014\/05\/siemens_logo_kl-e1553857619618.png\" alt=\"\" width=\"250\" height=\"136\" srcset=\"https:\/\/www.solarmobil.jakob-fugger-gymnasium.de\/wp-content\/uploads\/2014\/05\/siemens_logo_kl-e1553857619618.png 250w, https:\/\/www.solarmobil.jakob-fugger-gymnasium.de\/wp-content\/uploads\/2014\/05\/siemens_logo_kl-e1553857619618-100x54.png 100w, https:\/\/www.solarmobil.jakob-fugger-gymnasium.de\/wp-content\/uploads\/2014\/05\/siemens_logo_kl-e1553857619618-150x82.png 150w, https:\/\/www.solarmobil.jakob-fugger-gymnasium.de\/wp-content\/uploads\/2014\/05\/siemens_logo_kl-e1553857619618-200x109.png 200w\" sizes=\"(max-width: 250px) 100vw, 250px\" \/><\/a>Unterst\u00fctzung durch die Siemens Niederlassung Augsburg<br \/>\nim Rahmen der Schulpartnerschaft mit dem Jakob-Fugger-Gymnasium<\/p>\n<p style=\"text-align: center;\"><a href=\"https:\/\/jakob-fugger-gymnasium.de\/\" target=\"_blank\" rel=\"noopener\"><img loading=\"lazy\" class=\"aligncenter wp-image-1236 size-full\" src=\"https:\/\/www.solarmobil.jakob-fugger-gymnasium.de\/wp-content\/uploads\/2019\/02\/jfg_logo_rgb.png\" alt=\"\" width=\"250\" height=\"170\" srcset=\"https:\/\/www.solarmobil.jakob-fugger-gymnasium.de\/wp-content\/uploads\/2019\/02\/jfg_logo_rgb.png 250w, https:\/\/www.solarmobil.jakob-fugger-gymnasium.de\/wp-content\/uploads\/2019\/02\/jfg_logo_rgb-100x68.png 100w, https:\/\/www.solarmobil.jakob-fugger-gymnasium.de\/wp-content\/uploads\/2019\/02\/jfg_logo_rgb-150x102.png 150w, https:\/\/www.solarmobil.jakob-fugger-gymnasium.de\/wp-content\/uploads\/2019\/02\/jfg_logo_rgb-200x136.png 200w\" sizes=\"(max-width: 250px) 100vw, 250px\" \/><\/a><a href=\"https:\/\/ustersbacher.com\/de\/start.html\" target=\"_blank\" rel=\"noopener\"><img loading=\"lazy\" class=\"size-full wp-image-1642 aligncenter\" src=\"https:\/\/www.solarmobil.jakob-fugger-gymnasium.de\/wp-content\/uploads\/2021\/08\/WITA-Logo_kl.jpg\" alt=\"\" width=\"250\" height=\"170\" srcset=\"https:\/\/www.solarmobil.jakob-fugger-gymnasium.de\/wp-content\/uploads\/2021\/08\/WITA-Logo_kl.jpg 250w, https:\/\/www.solarmobil.jakob-fugger-gymnasium.de\/wp-content\/uploads\/2021\/08\/WITA-Logo_kl-100x68.jpg 100w, https:\/\/www.solarmobil.jakob-fugger-gymnasium.de\/wp-content\/uploads\/2021\/08\/WITA-Logo_kl-150x102.jpg 150w, https:\/\/www.solarmobil.jakob-fugger-gymnasium.de\/wp-content\/uploads\/2021\/08\/WITA-Logo_kl-200x136.jpg 200w\" sizes=\"(max-width: 250px) 100vw, 250px\" \/><\/a><a href=\"https:\/\/ustersbacher.com\/de\/start.html\" target=\"_blank\" rel=\"noopener\"><img loading=\"lazy\" class=\"size-full wp-image-1639 aligncenter\" src=\"https:\/\/www.solarmobil.jakob-fugger-gymnasium.de\/wp-content\/uploads\/2021\/08\/witaquelle_kl.jpg\" alt=\"\" width=\"250\" height=\"170\" srcset=\"https:\/\/www.solarmobil.jakob-fugger-gymnasium.de\/wp-content\/uploads\/2021\/08\/witaquelle_kl.jpg 250w, https:\/\/www.solarmobil.jakob-fugger-gymnasium.de\/wp-content\/uploads\/2021\/08\/witaquelle_kl-100x68.jpg 100w, https:\/\/www.solarmobil.jakob-fugger-gymnasium.de\/wp-content\/uploads\/2021\/08\/witaquelle_kl-150x102.jpg 150w, https:\/\/www.solarmobil.jakob-fugger-gymnasium.de\/wp-content\/uploads\/2021\/08\/witaquelle_kl-200x136.jpg 200w\" sizes=\"(max-width: 250px) 100vw, 250px\" \/><\/a><\/p>\n<p>&nbsp;<\/p>\n<p style=\"text-align: left;\">Auch den Pressepartnern, deren Unterst\u00fctzung sehr wichtig ist, wird gedankt:<br \/>\n<a href=\"https:\/\/www.solarmobil.jakob-fugger-gymnasium.de\/wp-content\/uploads\/2014\/06\/pressaugsburg_logo2.png\"><img loading=\"lazy\" class=\"size-medium wp-image-411 aligncenter\" src=\"https:\/\/www.solarmobil.jakob-fugger-gymnasium.de\/wp-content\/uploads\/2014\/06\/pressaugsburg_logo2-300x90.png\" alt=\"presse-augsuburg.de\" width=\"300\" height=\"90\" srcset=\"https:\/\/www.solarmobil.jakob-fugger-gymnasium.de\/wp-content\/uploads\/2014\/06\/pressaugsburg_logo2-300x90.png 300w, https:\/\/www.solarmobil.jakob-fugger-gymnasium.de\/wp-content\/uploads\/2014\/06\/pressaugsburg_logo2-100x30.png 100w, https:\/\/www.solarmobil.jakob-fugger-gymnasium.de\/wp-content\/uploads\/2014\/06\/pressaugsburg_logo2-150x45.png 150w, https:\/\/www.solarmobil.jakob-fugger-gymnasium.de\/wp-content\/uploads\/2014\/06\/pressaugsburg_logo2-200x60.png 200w, https:\/\/www.solarmobil.jakob-fugger-gymnasium.de\/wp-content\/uploads\/2014\/06\/pressaugsburg_logo2-450x135.png 450w, https:\/\/www.solarmobil.jakob-fugger-gymnasium.de\/wp-content\/uploads\/2014\/06\/pressaugsburg_logo2.png 589w\" sizes=\"(max-width: 300px) 100vw, 300px\" \/><\/a><\/p>\n","protected":false},"excerpt":{"rendered":"<p>In diesem Jahr wird SolarMobil Bayern erstmalig von der Stadt Augsburg veranstaltet. Da das Organisationsteam, das aus Mitgliedern der Hochschule und dem Jakob-Fugger-Gymnasium besteht nur ein begrenztes Budget f\u00fcr Sch\u00fclerwettbewerbe zur Verf\u00fcgung haben, sind wir auf die Unterst\u00fctzung externer Partner<span class=\"ellipsis\">&hellip;<\/span><\/p>\n<div class=\"read-more\"><a href=\"https:\/\/www.solarmobil.jakob-fugger-gymnasium.de\/?page_id=121\">Weiterlesen \u203a<\/a><\/div>\n<p><!-- end of .read-more --><\/p>\n","protected":false},"author":1,"featured_media":0,"parent":0,"menu_order":80,"comment_status":"closed","ping_status":"closed","template":"full-width-page.php","meta":{"ngg_post_thumbnail":0},"yoast_head":"<!-- This site is optimized with the Yoast SEO plugin v18.4.1 - https:\/\/yoast.com\/wordpress\/plugins\/seo\/ -->\n<title>Sponsoren &amp; Partner - SolarMobil Bayern<\/title>\n<meta name=\"robots\" content=\"index, follow, max-snippet:-1, max-image-preview:large, max-video-preview:-1\" \/>\n<link rel=\"canonical\" href=\"https:\/\/www.solarmobil.jakob-fugger-gymnasium.de\/?page_id=121\" \/>\n<meta property=\"og:locale\" content=\"de_DE\" \/>\n<meta property=\"og:type\" content=\"article\" \/>\n<meta property=\"og:title\" content=\"Sponsoren &amp; Partner - SolarMobil Bayern\" \/>\n<meta property=\"og:description\" content=\"In diesem Jahr wird SolarMobil Bayern erstmalig von der Stadt Augsburg veranstaltet. Da das Organisationsteam, das aus Mitgliedern der Hochschule und dem Jakob-Fugger-Gymnasium besteht nur ein begrenztes Budget f\u00fcr Sch\u00fclerwettbewerbe zur Verf\u00fcgung haben, sind wir auf die Unterst\u00fctzung externer Partner&hellip;Weiterlesen \u203a\" \/>\n<meta property=\"og:url\" content=\"https:\/\/www.solarmobil.jakob-fugger-gymnasium.de\/?page_id=121\" \/>\n<meta property=\"og:site_name\" content=\"SolarMobil Bayern\" \/>\n<meta property=\"article:modified_time\" content=\"2021-08-01T10:46:19+00:00\" \/>\n<meta property=\"og:image\" content=\"https:\/\/www.solarmobil.jakob-fugger-gymnasium.de\/wp-content\/uploads\/2021\/06\/logo_stadt_Augsburg-1-e1624618382455-300x109.png\" \/>\n<meta name=\"twitter:card\" content=\"summary_large_image\" \/>\n<meta name=\"twitter:label1\" content=\"Gesch\u00e4tzte Lesezeit\" \/>\n\t<meta name=\"twitter:data1\" content=\"3\u00a0Minuten\" \/>\n<script type=\"application\/ld+json\" class=\"yoast-schema-graph\">{\"@context\":\"https:\/\/schema.org\",\"@graph\":[{\"@type\":\"Organization\",\"@id\":\"https:\/\/www.solarmobil.jakob-fugger-gymnasium.de\/#organization\",\"name\":\"SolarMobil Bayern\",\"url\":\"https:\/\/www.solarmobil.jakob-fugger-gymnasium.de\/\",\"sameAs\":[],\"logo\":{\"@type\":\"ImageObject\",\"@id\":\"https:\/\/www.solarmobil.jakob-fugger-gymnasium.de\/#logo\",\"inLanguage\":\"de\",\"url\":\"https:\/\/www.solarmobil.jakob-fugger-gymnasium.de\/wp-content\/uploads\/2020\/12\/Solarmobil-Bayern.png\",\"contentUrl\":\"https:\/\/www.solarmobil.jakob-fugger-gymnasium.de\/wp-content\/uploads\/2020\/12\/Solarmobil-Bayern.png\",\"width\":563,\"height\":434,\"caption\":\"SolarMobil Bayern\"},\"image\":{\"@id\":\"https:\/\/www.solarmobil.jakob-fugger-gymnasium.de\/#logo\"}},{\"@type\":\"WebSite\",\"@id\":\"https:\/\/www.solarmobil.jakob-fugger-gymnasium.de\/#website\",\"url\":\"https:\/\/www.solarmobil.jakob-fugger-gymnasium.de\/\",\"name\":\"SolarMobil Bayern\",\"description\":\"Jakob-Fugger-Gymnasium\",\"publisher\":{\"@id\":\"https:\/\/www.solarmobil.jakob-fugger-gymnasium.de\/#organization\"},\"potentialAction\":[{\"@type\":\"SearchAction\",\"target\":{\"@type\":\"EntryPoint\",\"urlTemplate\":\"https:\/\/www.solarmobil.jakob-fugger-gymnasium.de\/?s={search_term_string}\"},\"query-input\":\"required name=search_term_string\"}],\"inLanguage\":\"de\"},{\"@type\":\"ImageObject\",\"@id\":\"https:\/\/www.solarmobil.jakob-fugger-gymnasium.de\/?page_id=121#primaryimage\",\"inLanguage\":\"de\",\"url\":\"https:\/\/www.solarmobil.jakob-fugger-gymnasium.de\/wp-content\/uploads\/2021\/06\/logo_stadt_Augsburg-1-e1624618382455.png\",\"contentUrl\":\"https:\/\/www.solarmobil.jakob-fugger-gymnasium.de\/wp-content\/uploads\/2021\/06\/logo_stadt_Augsburg-1-e1624618382455.png\",\"width\":512,\"height\":186},{\"@type\":\"WebPage\",\"@id\":\"https:\/\/www.solarmobil.jakob-fugger-gymnasium.de\/?page_id=121#webpage\",\"url\":\"https:\/\/www.solarmobil.jakob-fugger-gymnasium.de\/?page_id=121\",\"name\":\"Sponsoren & Partner - SolarMobil Bayern\",\"isPartOf\":{\"@id\":\"https:\/\/www.solarmobil.jakob-fugger-gymnasium.de\/#website\"},\"primaryImageOfPage\":{\"@id\":\"https:\/\/www.solarmobil.jakob-fugger-gymnasium.de\/?page_id=121#primaryimage\"},\"datePublished\":\"2014-03-24T20:14:59+00:00\",\"dateModified\":\"2021-08-01T10:46:19+00:00\",\"breadcrumb\":{\"@id\":\"https:\/\/www.solarmobil.jakob-fugger-gymnasium.de\/?page_id=121#breadcrumb\"},\"inLanguage\":\"de\",\"potentialAction\":[{\"@type\":\"ReadAction\",\"target\":[\"https:\/\/www.solarmobil.jakob-fugger-gymnasium.de\/?page_id=121\"]}]},{\"@type\":\"BreadcrumbList\",\"@id\":\"https:\/\/www.solarmobil.jakob-fugger-gymnasium.de\/?page_id=121#breadcrumb\",\"itemListElement\":[{\"@type\":\"ListItem\",\"position\":1,\"name\":\"Startseite\",\"item\":\"https:\/\/www.solarmobil.jakob-fugger-gymnasium.de\/\"},{\"@type\":\"ListItem\",\"position\":2,\"name\":\"Sponsoren &#038; Partner\"}]}]}<\/script>\n<!-- \/ Yoast SEO plugin. -->","yoast_head_json":{"title":"Sponsoren & Partner - SolarMobil Bayern","robots":{"index":"index","follow":"follow","max-snippet":"max-snippet:-1","max-image-preview":"max-image-preview:large","max-video-preview":"max-video-preview:-1"},"canonical":"https:\/\/www.solarmobil.jakob-fugger-gymnasium.de\/?page_id=121","og_locale":"de_DE","og_type":"article","og_title":"Sponsoren & Partner - SolarMobil Bayern","og_description":"In diesem Jahr wird SolarMobil Bayern erstmalig von der Stadt Augsburg veranstaltet. Da das Organisationsteam, das aus Mitgliedern der Hochschule und dem Jakob-Fugger-Gymnasium besteht nur ein begrenztes Budget f\u00fcr Sch\u00fclerwettbewerbe zur Verf\u00fcgung haben, sind wir auf die Unterst\u00fctzung externer Partner&hellip;Weiterlesen \u203a","og_url":"https:\/\/www.solarmobil.jakob-fugger-gymnasium.de\/?page_id=121","og_site_name":"SolarMobil Bayern","article_modified_time":"2021-08-01T10:46:19+00:00","og_image":[{"url":"https:\/\/www.solarmobil.jakob-fugger-gymnasium.de\/wp-content\/uploads\/2021\/06\/logo_stadt_Augsburg-1-e1624618382455-300x109.png"}],"twitter_card":"summary_large_image","twitter_misc":{"Gesch\u00e4tzte Lesezeit":"3\u00a0Minuten"},"schema":{"@context":"https:\/\/schema.org","@graph":[{"@type":"Organization","@id":"https:\/\/www.solarmobil.jakob-fugger-gymnasium.de\/#organization","name":"SolarMobil Bayern","url":"https:\/\/www.solarmobil.jakob-fugger-gymnasium.de\/","sameAs":[],"logo":{"@type":"ImageObject","@id":"https:\/\/www.solarmobil.jakob-fugger-gymnasium.de\/#logo","inLanguage":"de","url":"https:\/\/www.solarmobil.jakob-fugger-gymnasium.de\/wp-content\/uploads\/2020\/12\/Solarmobil-Bayern.png","contentUrl":"https:\/\/www.solarmobil.jakob-fugger-gymnasium.de\/wp-content\/uploads\/2020\/12\/Solarmobil-Bayern.png","width":563,"height":434,"caption":"SolarMobil Bayern"},"image":{"@id":"https:\/\/www.solarmobil.jakob-fugger-gymnasium.de\/#logo"}},{"@type":"WebSite","@id":"https:\/\/www.solarmobil.jakob-fugger-gymnasium.de\/#website","url":"https:\/\/www.solarmobil.jakob-fugger-gymnasium.de\/","name":"SolarMobil Bayern","description":"Jakob-Fugger-Gymnasium","publisher":{"@id":"https:\/\/www.solarmobil.jakob-fugger-gymnasium.de\/#organization"},"potentialAction":[{"@type":"SearchAction","target":{"@type":"EntryPoint","urlTemplate":"https:\/\/www.solarmobil.jakob-fugger-gymnasium.de\/?s={search_term_string}"},"query-input":"required name=search_term_string"}],"inLanguage":"de"},{"@type":"ImageObject","@id":"https:\/\/www.solarmobil.jakob-fugger-gymnasium.de\/?page_id=121#primaryimage","inLanguage":"de","url":"https:\/\/www.solarmobil.jakob-fugger-gymnasium.de\/wp-content\/uploads\/2021\/06\/logo_stadt_Augsburg-1-e1624618382455.png","contentUrl":"https:\/\/www.solarmobil.jakob-fugger-gymnasium.de\/wp-content\/uploads\/2021\/06\/logo_stadt_Augsburg-1-e1624618382455.png","width":512,"height":186},{"@type":"WebPage","@id":"https:\/\/www.solarmobil.jakob-fugger-gymnasium.de\/?page_id=121#webpage","url":"https:\/\/www.solarmobil.jakob-fugger-gymnasium.de\/?page_id=121","name":"Sponsoren & Partner - SolarMobil Bayern","isPartOf":{"@id":"https:\/\/www.solarmobil.jakob-fugger-gymnasium.de\/#website"},"primaryImageOfPage":{"@id":"https:\/\/www.solarmobil.jakob-fugger-gymnasium.de\/?page_id=121#primaryimage"},"datePublished":"2014-03-24T20:14:59+00:00","dateModified":"2021-08-01T10:46:19+00:00","breadcrumb":{"@id":"https:\/\/www.solarmobil.jakob-fugger-gymnasium.de\/?page_id=121#breadcrumb"},"inLanguage":"de","potentialAction":[{"@type":"ReadAction","target":["https:\/\/www.solarmobil.jakob-fugger-gymnasium.de\/?page_id=121"]}]},{"@type":"BreadcrumbList","@id":"https:\/\/www.solarmobil.jakob-fugger-gymnasium.de\/?page_id=121#breadcrumb","itemListElement":[{"@type":"ListItem","position":1,"name":"Startseite","item":"https:\/\/www.solarmobil.jakob-fugger-gymnasium.de\/"},{"@type":"ListItem","position":2,"name":"Sponsoren &#038; Partner"}]}]}},"_links":{"self":[{"href":"https:\/\/www.solarmobil.jakob-fugger-gymnasium.de\/index.php?rest_route=\/wp\/v2\/pages\/121"}],"collection":[{"href":"https:\/\/www.solarmobil.jakob-fugger-gymnasium.de\/index.php?rest_route=\/wp\/v2\/pages"}],"about":[{"href":"https:\/\/www.solarmobil.jakob-fugger-gymnasium.de\/index.php?rest_route=\/wp\/v2\/types\/page"}],"author":[{"embeddable":true,"href":"https:\/\/www.solarmobil.jakob-fugger-gymnasium.de\/index.php?rest_route=\/wp\/v2\/users\/1"}],"replies":[{"embeddable":true,"href":"https:\/\/www.solarmobil.jakob-fugger-gymnasium.de\/index.php?rest_route=%2Fwp%2Fv2%2Fcomments&post=121"}],"version-history":[{"count":44,"href":"https:\/\/www.solarmobil.jakob-fugger-gymnasium.de\/index.php?rest_route=\/wp\/v2\/pages\/121\/revisions"}],"predecessor-version":[{"id":1645,"href":"https:\/\/www.solarmobil.jakob-fugger-gymnasium.de\/index.php?rest_route=\/wp\/v2\/pages\/121\/revisions\/1645"}],"wp:attachment":[{"href":"https:\/\/www.solarmobil.jakob-fugger-gymnasium.de\/index.php?rest_route=%2Fwp%2Fv2%2Fmedia&parent=121"}],"curies":[{"name":"wp","href":"https:\/\/api.w.org\/{rel}","templated":true}]}}